{"id":34,"date":"2023-05-16T09:24:09","date_gmt":"2023-05-16T09:24:09","guid":{"rendered":"https:\/\/peking-ente.com\/?page_id=34"},"modified":"2023-05-16T09:28:10","modified_gmt":"2023-05-16T09:28:10","slug":"faq-peking-ente-zustellung","status":"publish","type":"page","link":"https:\/\/peking-ente.com\/zh\/faq-peking-ente-zustellung\/","title":{"rendered":"FAQ Peking Ente &#8211; Zustellung"},"content":{"rendered":"<!--themify_builder_content-->\n<div id=\"themify_builder_content-34\" data-postid=\"34\" class=\"themify_builder_content themify_builder_content-34 themify_builder tf_clear\">\n    \t\t\t<!-- module_row -->\n\t<div  data-lazy=\"1\" class=\"module_row themify_builder_row tb_zw6x553 tb_first tf_w tf_clearfix\">\n\t    \t\t\t<div class=\"row_inner col_align_top tb_col_count_1 tf_box tf_rel\">\n\t\t            <div  data-lazy=\"1\" class=\"module_column tb-column col-full tb_x4gy554 first\">\n                                                        <div class=\"tb-column-inner tf_box tf_w\">\n                        <!-- module accordion -->\n<div  class=\"module module-accordion tb_uedp678\" data-behavior=\"toggle\" data-lazy=\"1\">\n    <h3 class=\"module-title\">FAQ Peking Ente - Zustellung<\/h3>\n    <ul class=\"ui module-accordion plus-icon-button  tb_default_color\" itemscope itemtype=\"https:\/\/schema.org\/FAQPage\">\n\t\t    <li itemscope itemprop=\"mainEntity\" itemtype=\"https:\/\/schema.org\/Question\">\n\t\t\t<div class=\"accordion-title tf_rel\" itemprop=\"name\">\n\t\t\t\t<a href=\"#acc-uedp678-0\" aria-controls=\"acc-uedp678-0-content\" aria-expanded=\"false\">\n\t\t\t\t\t\t\t\t\t\t\t\t\t\t\t<span class=\"tb_title_accordion tf_w\">Wann ist der beste Zeitpunkt, um meine Kochbox zu bestellen?<\/span>\n\t\t\t\t<\/a>\n\t\t\t<\/div><!-- .accordion-title -->\n\n\t\t\t<div id=\"acc-uedp678-0-content\" data-id=\"acc-uedp678-0\" aria-hidden=\"true\" class=\"accordion-content tf_hide tf_clearfix\" itemscope itemprop=\"acceptedAnswer\" itemtype=\"https:\/\/schema.org\/Answer\">\n\n\t\t\t\t\t\t\t\t\t<div itemprop=\"text\"\t\t\t\t\t\tclass=\"tb_text_wrap\"\n\t\t\t\t\t\t>\n\t\t\t\t\t\t<p>Um sicherzustellen, dass wir Ihre Kochbox rechtzeitig vorbereiten k\u00f6nnen, empfehlen wir Ihnen, Ihre Bestellung idealerweise eine Woche im Voraus aufzugeben. In der Regel packen wir die Kochboxen mittwochs, damit sie am Donnerstag von unserem Versandpartner abgeholt werden k\u00f6nnen. So ist gew\u00e4hrleistet, dass die Kochboxen am Freitag bei Ihnen eintreffen. Allerdings akzeptieren wir auch Last-Minute-Bestellungen bis mittwochs.<\/p>\t\t\t\t\t<\/div>\n\t\t\t\t\n\t\t\t<\/div><!-- .accordion-content -->\n\t    <\/li>\n\t\t    <li itemscope itemprop=\"mainEntity\" itemtype=\"https:\/\/schema.org\/Question\">\n\t\t\t<div class=\"accordion-title tf_rel\" itemprop=\"name\">\n\t\t\t\t<a href=\"#acc-uedp678-1\" aria-controls=\"acc-uedp678-1-content\" aria-expanded=\"false\">\n\t\t\t\t\t\t\t\t\t\t\t\t\t\t\t<span class=\"tb_title_accordion tf_w\">Wie lange dauert der Versand der Kochbox?<\/span>\n\t\t\t\t<\/a>\n\t\t\t<\/div><!-- .accordion-title -->\n\n\t\t\t<div id=\"acc-uedp678-1-content\" data-id=\"acc-uedp678-1\" aria-hidden=\"true\" class=\"accordion-content tf_hide tf_clearfix\" itemscope itemprop=\"acceptedAnswer\" itemtype=\"https:\/\/schema.org\/Answer\">\n\n\t\t\t\t\t\t\t\t\t<div itemprop=\"text\"\t\t\t\t\t\tclass=\"tb_text_wrap\"\n\t\t\t\t\t\t>\n\t\t\t\t\t\t<p>Unser Versanddienstleister strebt an, Ihre Kochbox bis sp\u00e4testens Freitag um 18:00 Uhr bei Ihnen anzuliefern. Es ist jedoch wichtig zu beachten, dass wir keine direkte Kontrolle \u00fcber den Versandprozess haben und es unter Umst\u00e4nden zu unvorhergesehenen Verz\u00f6gerungen kommen kann. Wir bitten um Verst\u00e4ndnis, falls es zu unvorhergesehenen Umst\u00e4nden kommt, auf die wir keinen Einfluss haben.<\/p>\t\t\t\t\t<\/div>\n\t\t\t\t\n\t\t\t<\/div><!-- .accordion-content -->\n\t    <\/li>\n\t\t    <li itemscope itemprop=\"mainEntity\" itemtype=\"https:\/\/schema.org\/Question\">\n\t\t\t<div class=\"accordion-title tf_rel\" itemprop=\"name\">\n\t\t\t\t<a href=\"#acc-uedp678-2\" aria-controls=\"acc-uedp678-2-content\" aria-expanded=\"false\">\n\t\t\t\t\t\t\t\t\t\t\t\t\t\t\t<span class=\"tb_title_accordion tf_w\">Was sind die Lieferzeiten f\u00fcr die Kochbox?<\/span>\n\t\t\t\t<\/a>\n\t\t\t<\/div><!-- .accordion-title -->\n\n\t\t\t<div id=\"acc-uedp678-2-content\" data-id=\"acc-uedp678-2\" aria-hidden=\"true\" class=\"accordion-content tf_hide tf_clearfix\" itemscope itemprop=\"acceptedAnswer\" itemtype=\"https:\/\/schema.org\/Answer\">\n\n\t\t\t\t\t\t\t\t\t<div itemprop=\"text\"\t\t\t\t\t\tclass=\"tb_text_wrap\"\n\t\t\t\t\t\t>\n\t\t\t\t\t\t<p>Unser Versanddienstleister liefert die Kochboxen voraussichtlich zwischen 12:00 Uhr und 18:00 Uhr aus. Um den Lieferstatus Ihrer Kochbox zu verfolgen, erhalten Sie einen Tracking-Code, mit dem Sie den Fortschritt Ihrer Lieferung verfolgen k\u00f6nnen. Bitte beachten Sie, dass es je nach Standort und aktuellen Umst\u00e4nden zu leichten Abweichungen in den Lieferzeiten kommen kann.<\/p>\t\t\t\t\t<\/div>\n\t\t\t\t\n\t\t\t<\/div><!-- .accordion-content -->\n\t    <\/li>\n\t\t    <li itemscope itemprop=\"mainEntity\" itemtype=\"https:\/\/schema.org\/Question\">\n\t\t\t<div class=\"accordion-title tf_rel\" itemprop=\"name\">\n\t\t\t\t<a href=\"#acc-uedp678-3\" aria-controls=\"acc-uedp678-3-content\" aria-expanded=\"false\">\n\t\t\t\t\t\t\t\t\t\t\t\t\t\t\t<span class=\"tb_title_accordion tf_w\">Welche Versandkosten fallen an?<\/span>\n\t\t\t\t<\/a>\n\t\t\t<\/div><!-- .accordion-title -->\n\n\t\t\t<div id=\"acc-uedp678-3-content\" data-id=\"acc-uedp678-3\" aria-hidden=\"true\" class=\"accordion-content tf_hide tf_clearfix\" itemscope itemprop=\"acceptedAnswer\" itemtype=\"https:\/\/schema.org\/Answer\">\n\n\t\t\t\t\t\t\t\t\t<div itemprop=\"text\"\t\t\t\t\t\tclass=\"tb_text_wrap\"\n\t\t\t\t\t\t>\n\t\t\t\t\t\t<p>Der Versand innerhalb Deutschlands (au\u00dfer Inseln) ist kostenfrei. Sie m\u00fcssen keine zus\u00e4tzlichen Versandkosten f\u00fcr Ihre Bestellung bezahlen.<\/p>\t\t\t\t\t<\/div>\n\t\t\t\t\n\t\t\t<\/div><!-- .accordion-content -->\n\t    <\/li>\n\t\t    <li itemscope itemprop=\"mainEntity\" itemtype=\"https:\/\/schema.org\/Question\">\n\t\t\t<div class=\"accordion-title tf_rel\" itemprop=\"name\">\n\t\t\t\t<a href=\"#acc-uedp678-4\" aria-controls=\"acc-uedp678-4-content\" aria-expanded=\"false\">\n\t\t\t\t\t\t\t\t\t\t\t\t\t\t\t<span class=\"tb_title_accordion tf_w\">In welche Regionen liefert ihr? Werden auch internationale Lieferungen angeboten?<\/span>\n\t\t\t\t<\/a>\n\t\t\t<\/div><!-- .accordion-title -->\n\n\t\t\t<div id=\"acc-uedp678-4-content\" data-id=\"acc-uedp678-4\" aria-hidden=\"true\" class=\"accordion-content tf_hide tf_clearfix\" itemscope itemprop=\"acceptedAnswer\" itemtype=\"https:\/\/schema.org\/Answer\">\n\n\t\t\t\t\t\t\t\t\t<div itemprop=\"text\"\t\t\t\t\t\tclass=\"tb_text_wrap\"\n\t\t\t\t\t\t>\n\t\t\t\t\t\t<p>Derzeit bieten wir nur Lieferungen innerhalb Deutschlands an. Wir haben derzeit keine internationalen Lieferoptionen verf\u00fcgbar.<\/p>\t\t\t\t\t<\/div>\n\t\t\t\t\n\t\t\t<\/div><!-- .accordion-content -->\n\t    <\/li>\n\t\t    <li itemscope itemprop=\"mainEntity\" itemtype=\"https:\/\/schema.org\/Question\">\n\t\t\t<div class=\"accordion-title tf_rel\" itemprop=\"name\">\n\t\t\t\t<a href=\"#acc-uedp678-5\" aria-controls=\"acc-uedp678-5-content\" aria-expanded=\"false\">\n\t\t\t\t\t\t\t\t\t\t\t\t\t\t\t<span class=\"tb_title_accordion tf_w\">Mit welchem Versanddienstleister wird meine Bestellung verschickt?<\/span>\n\t\t\t\t<\/a>\n\t\t\t<\/div><!-- .accordion-title -->\n\n\t\t\t<div id=\"acc-uedp678-5-content\" data-id=\"acc-uedp678-5\" aria-hidden=\"true\" class=\"accordion-content tf_hide tf_clearfix\" itemscope itemprop=\"acceptedAnswer\" itemtype=\"https:\/\/schema.org\/Answer\">\n\n\t\t\t\t\t\t\t\t\t<div itemprop=\"text\"\t\t\t\t\t\tclass=\"tb_text_wrap\"\n\t\t\t\t\t\t>\n\t\t\t\t\t\t<p>Wir versenden Ihre Bestellung in Zusammenarbeit mit dem deutschen Paketdienst DPD.<\/p>\t\t\t\t\t<\/div>\n\t\t\t\t\n\t\t\t<\/div><!-- .accordion-content -->\n\t    <\/li>\n\t\t    <li itemscope itemprop=\"mainEntity\" itemtype=\"https:\/\/schema.org\/Question\">\n\t\t\t<div class=\"accordion-title tf_rel\" itemprop=\"name\">\n\t\t\t\t<a href=\"#acc-uedp678-6\" aria-controls=\"acc-uedp678-6-content\" aria-expanded=\"false\">\n\t\t\t\t\t\t\t\t\t\t\t\t\t\t\t<span class=\"tb_title_accordion tf_w\">Kann ich den Lieferstatus meiner Bestellung verfolgen?<\/span>\n\t\t\t\t<\/a>\n\t\t\t<\/div><!-- .accordion-title -->\n\n\t\t\t<div id=\"acc-uedp678-6-content\" data-id=\"acc-uedp678-6\" aria-hidden=\"true\" class=\"accordion-content tf_hide tf_clearfix\" itemscope itemprop=\"acceptedAnswer\" itemtype=\"https:\/\/schema.org\/Answer\">\n\n\t\t\t\t\t\t\t\t\t<div itemprop=\"text\"\t\t\t\t\t\tclass=\"tb_text_wrap\"\n\t\t\t\t\t\t>\n\t\t\t\t\t\t<p>Ja, Sie erhalten von uns eine Tracking-Nummer, mit der Sie den Lieferstatus Ihrer Bestellung beim deutschen Paketdienst verfolgen k\u00f6nnen.<\/p>\t\t\t\t\t<\/div>\n\t\t\t\t\n\t\t\t<\/div><!-- .accordion-content -->\n\t    <\/li>\n\t\t    <li itemscope itemprop=\"mainEntity\" itemtype=\"https:\/\/schema.org\/Question\">\n\t\t\t<div class=\"accordion-title tf_rel\" itemprop=\"name\">\n\t\t\t\t<a href=\"#acc-uedp678-7\" aria-controls=\"acc-uedp678-7-content\" aria-expanded=\"false\">\n\t\t\t\t\t\t\t\t\t\t\t\t\t\t\t<span class=\"tb_title_accordion tf_w\">Kann ich meine Bestellung pers\u00f6nlich abholen?<\/span>\n\t\t\t\t<\/a>\n\t\t\t<\/div><!-- .accordion-title -->\n\n\t\t\t<div id=\"acc-uedp678-7-content\" data-id=\"acc-uedp678-7\" aria-hidden=\"true\" class=\"accordion-content tf_hide tf_clearfix\" itemscope itemprop=\"acceptedAnswer\" itemtype=\"https:\/\/schema.org\/Answer\">\n\n\t\t\t\t\t\t\t\t\t<div itemprop=\"text\"\t\t\t\t\t\tclass=\"tb_text_wrap\"\n\t\t\t\t\t\t>\n\t\t\t\t\t\t<p><!-- wp:paragraph --><\/p>\n<p>Ja, eine pers\u00f6nliche Abholung Ihrer Bestellung in unserem Restaurant ist m\u00f6glich. Bitte kontaktieren Sie uns hier und geben Sie an, dass Sie Ihre Bestellung gerne pers\u00f6nlich abholen m\u00f6chten.<\/p>\n<p><!-- \/wp:paragraph --><!-- wp:paragraph --><\/p>\n<p><a href=\"https:\/\/wa.me\/496917078752?text=Meine%20Bestellnummer%20ist:%20___.%20Ich%20m%C3%B6chte%20meine%20Kochbox%20bei%20Ihnen%20abholen.%20Ich%20komme%20etwa%20um%20__:%20__%20Uhr.\" target=\"_blank\" rel=\"noopener\">WhatsApp &#8211; Selbstaholung<\/a><\/p>\n<p><!-- \/wp:paragraph --><\/p>\t\t\t\t\t<\/div>\n\t\t\t\t\n\t\t\t<\/div><!-- .accordion-content -->\n\t    <\/li>\n\t    <\/ul>\n\n<\/div><!-- \/module accordion -->                    <\/div>\n                            <\/div>\n            \t    <\/div>\n\t    <!-- \/row_inner -->\n\t<\/div>\n\t<!-- \/module_row -->\n\t\t\t\t<!-- module_row -->\n\t<div  data-lazy=\"1\" class=\"module_row themify_builder_row tb_bo85266 tf_w tf_clearfix\">\n\t    \t\t\t<div class=\"row_inner col_align_top tb_col_count_1 tf_box tf_rel\">\n\t\t            <div  data-lazy=\"1\" class=\"module_column tb-column col-full tb_ns1v266 first\">\n                                                        <div class=\"tb-column-inner tf_box tf_w\">\n                        <!-- module buttons -->\n<div  class=\"module module-buttons tb_42bq371 buttons-horizontal solid  circle\" data-lazy=\"1\">\n    \t<div class=\"module-buttons-item tf_inline_b\">\n\t\t\t\t\t\t\t<a href=\"https:\/\/wa.me\/496917078752?text=Meine%20Bestellnummer%20ist:%20___.%20Ich%20m%C3%B6chte%20meine%20Kochbox%20bei%20Ihnen%20abholen.%20Ich%20komme%20etwa%20um%20__:%20__%20Uhr.\" class=\"ui builder_button red\" target=\"_blank\" rel=\"noopener\">\n\t\t\t\t\t\t\t\t\t\t\t\t<em class=\"tf_inline_b tf_vmiddle\"><svg  class=\"tf_fa tf-fab-whatsapp\" aria-hidden=\"true\"><use href=\"#tf-fab-whatsapp\"><\/use><\/svg><\/em>\t\t\t\t\t\t\t\t<span class=\"tf_inline_b tf_vmiddle\">Nachricht per WhatsApp<\/span>\n\t\t\t\t\t\t\t\t\t\t\t<\/a>\n\t\t\t    \t<\/div>\n    <\/div>\n<!-- \/module buttons -->\n                    <\/div>\n                            <\/div>\n            \t    <\/div>\n\t    <!-- \/row_inner -->\n\t<\/div>\n\t<!-- \/module_row -->\n\t<\/div>\n<!--\/themify_builder_content-->","protected":false},"excerpt":{"rendered":"","protected":false},"author":1,"featured_media":0,"parent":0,"menu_order":0,"comment_status":"closed","ping_status":"closed","template":"","meta":{"footnotes":""},"class_list":["post-34","page","type-page","status-publish","hentry","has-post-title","has-post-date","has-post-category","has-post-tag","has-post-comment","has-post-author",""],"builder_content":"<h3>FAQ Peking Ente - Zustellung<\/h3><ul><li><h4>Wann ist der beste Zeitpunkt, um meine Kochbox zu bestellen?<\/h4><p>Um sicherzustellen, dass wir Ihre Kochbox rechtzeitig vorbereiten k\u00f6nnen, empfehlen wir Ihnen, Ihre Bestellung idealerweise eine Woche im Voraus aufzugeben. In der Regel packen wir die Kochboxen mittwochs, damit sie am Donnerstag von unserem Versandpartner abgeholt werden k\u00f6nnen. So ist gew\u00e4hrleistet, dass die Kochboxen am Freitag bei Ihnen eintreffen. Allerdings akzeptieren wir auch Last-Minute-Bestellungen bis mittwochs.<\/p><\/li><li><h4>Wie lange dauert der Versand der Kochbox?<\/h4><p>Unser Versanddienstleister strebt an, Ihre Kochbox bis sp\u00e4testens Freitag um 18:00 Uhr bei Ihnen anzuliefern. Es ist jedoch wichtig zu beachten, dass wir keine direkte Kontrolle \u00fcber den Versandprozess haben und es unter Umst\u00e4nden zu unvorhergesehenen Verz\u00f6gerungen kommen kann. Wir bitten um Verst\u00e4ndnis, falls es zu unvorhergesehenen Umst\u00e4nden kommt, auf die wir keinen Einfluss haben.<\/p><\/li><li><h4>Was sind die Lieferzeiten f\u00fcr die Kochbox?<\/h4><p>Unser Versanddienstleister liefert die Kochboxen voraussichtlich zwischen 12:00 Uhr und 18:00 Uhr aus. Um den Lieferstatus Ihrer Kochbox zu verfolgen, erhalten Sie einen Tracking-Code, mit dem Sie den Fortschritt Ihrer Lieferung verfolgen k\u00f6nnen. Bitte beachten Sie, dass es je nach Standort und aktuellen Umst\u00e4nden zu leichten Abweichungen in den Lieferzeiten kommen kann.<\/p><\/li><li><h4>Welche Versandkosten fallen an?<\/h4><p>Der Versand innerhalb Deutschlands (au\u00dfer Inseln) ist kostenfrei. Sie m\u00fcssen keine zus\u00e4tzlichen Versandkosten f\u00fcr Ihre Bestellung bezahlen.<\/p><\/li><li><h4>In welche Regionen liefert ihr? Werden auch internationale Lieferungen angeboten?<\/h4><p>Derzeit bieten wir nur Lieferungen innerhalb Deutschlands an. Wir haben derzeit keine internationalen Lieferoptionen verf\u00fcgbar.<\/p><\/li><li><h4>Mit welchem Versanddienstleister wird meine Bestellung verschickt?<\/h4><p>Wir versenden Ihre Bestellung in Zusammenarbeit mit dem deutschen Paketdienst DPD.<\/p><\/li><li><h4>Kann ich den Lieferstatus meiner Bestellung verfolgen?<\/h4><p>Ja, Sie erhalten von uns eine Tracking-Nummer, mit der Sie den Lieferstatus Ihrer Bestellung beim deutschen Paketdienst verfolgen k\u00f6nnen.<\/p><\/li><li><h4>Kann ich meine Bestellung pers\u00f6nlich abholen?<\/h4><p><\/p> <p>Ja, eine pers\u00f6nliche Abholung Ihrer Bestellung in unserem Restaurant ist m\u00f6glich. Bitte kontaktieren Sie uns hier und geben Sie an, dass Sie Ihre Bestellung gerne pers\u00f6nlich abholen m\u00f6chten.<\/p> <p><\/p> <p><a href=\"https:\/\/wa.me\/496917078752?text=Meine%20Bestellnummer%20ist:%20___.%20Ich%20m%C3%B6chte%20meine%20Kochbox%20bei%20Ihnen%20abholen.%20Ich%20komme%20etwa%20um%20__:%20__%20Uhr.\">WhatsApp - Selbstaholung<\/a><\/p> <p><\/p><\/li><\/ul>\n<a href=\"https:\/\/wa.me\/496917078752?text=Meine%20Bestellnummer%20ist:%20___.%20Ich%20m%C3%B6chte%20meine%20Kochbox%20bei%20Ihnen%20abholen.%20Ich%20komme%20etwa%20um%20__:%20__%20Uhr.\" > <em><svg aria-hidden=\"true\"><use href=\"#tf-fab-whatsapp\"><\/use><\/svg><\/em> Nachricht per WhatsApp <\/a>","_links":{"self":[{"href":"https:\/\/peking-ente.com\/zh\/wp-json\/wp\/v2\/pages\/34","targetHints":{"allow":["GET"]}}],"collection":[{"href":"https:\/\/peking-ente.com\/zh\/wp-json\/wp\/v2\/pages"}],"about":[{"href":"https:\/\/peking-ente.com\/zh\/wp-json\/wp\/v2\/types\/page"}],"author":[{"embeddable":true,"href":"https:\/\/peking-ente.com\/zh\/wp-json\/wp\/v2\/users\/1"}],"replies":[{"embeddable":true,"href":"https:\/\/peking-ente.com\/zh\/wp-json\/wp\/v2\/comments?post=34"}],"version-history":[{"count":3,"href":"https:\/\/peking-ente.com\/zh\/wp-json\/wp\/v2\/pages\/34\/revisions"}],"predecessor-version":[{"id":37,"href":"https:\/\/peking-ente.com\/zh\/wp-json\/wp\/v2\/pages\/34\/revisions\/37"}],"wp:attachment":[{"href":"https:\/\/peking-ente.com\/zh\/wp-json\/wp\/v2\/media?parent=34"}],"curies":[{"name":"wp","href":"https:\/\/api.w.org\/{rel}","templated":true}]}}