{"id":28,"date":"2023-05-16T09:07:54","date_gmt":"2023-05-16T09:07:54","guid":{"rendered":"https:\/\/peking-ente.com\/?page_id=28"},"modified":"2023-05-17T09:31:52","modified_gmt":"2023-05-17T09:31:52","slug":"faq","status":"publish","type":"page","link":"https:\/\/peking-ente.com\/zh\/faq\/","title":{"rendered":"\u5e38\u898b\u554f\u984c"},"content":{"rendered":"<!--themify_builder_content-->\n<div id=\"themify_builder_content-28\" data-postid=\"28\" class=\"themify_builder_content themify_builder_content-28 themify_builder tf_clear\">\n    \t\t\t<!-- module_row -->\n\t<div  data-lazy=\"1\" class=\"module_row themify_builder_row tb_7zk7789 tb_first tf_w tf_clearfix\">\n\t    \t\t\t<div class=\"row_inner col_align_top tb_col_count_1 tf_box tf_rel\">\n\t\t            <div  data-lazy=\"1\" class=\"module_column tb-column col-full tb_xzgc790 first\">\n                                                        <div class=\"tb-column-inner tf_box tf_w\">\n                        <!-- module fancy heading -->\n<div  class=\"module module-fancy-heading tb_n0vm790\" data-lazy=\"1\">\n        <h1 class=\"fancy-heading tf_textc\">\n    <span class=\"main-head tf_block\">\n\t\t\t\t\t\u5317\u4eac\u70e4\u9d28\t\t    <\/span>\n\n\t\n    <span class=\"sub-head tf_block tf_rel\">\n\t\t\t\t\t\u4e2d\u570b\u83dc\u4e2d\u6700\u8457\u540d\u7684\u83dc\u991a\u4e4b\u4e00\t\t    <\/span>\n    <\/h1>\n<\/div>\n<!-- \/module fancy heading -->\n\t<div  data-lazy=\"1\" class=\"module_subrow themify_builder_sub_row tb_7mvd791 tf_w tf_clearfix\">\n\t    \t\t\t<div class=\"subrow_inner col_align_top tb_col_count_1 tf_box tf_w\">\n\t\t            <div  data-lazy=\"1\" class=\"module_column sub_column col-full tb_ppgj791 first\">\n                                                        <div class=\"tb-column-inner tf_box tf_w\">\n                        <!-- module accordion -->\n<div  class=\"module module-accordion tb_ogl1193\" data-behavior=\"toggle\" data-lazy=\"1\">\n    <h3 class=\"module-title\">\u5916\u8ce3\u5317\u4eac\u70e4\u9d28\u5e38\u898b\u554f\u984c<\/h3>\n    <ul class=\"ui module-accordion plus-icon-button  tb_default_color\" itemscope itemtype=\"https:\/\/schema.org\/FAQPage\">\n\t\t    <li itemscope itemprop=\"mainEntity\" itemtype=\"https:\/\/schema.org\/Question\">\n\t\t\t<div class=\"accordion-title tf_rel\" itemprop=\"name\">\n\t\t\t\t<a href=\"#acc-ogl1193-0\" aria-controls=\"acc-ogl1193-0-content\" aria-expanded=\"false\">\n\t\t\t\t\t\t\t\t\t\t\t\t\t\t\t<span class=\"tb_title_accordion tf_w\">\u5916\u8ce3\u5317\u4eac\u70e4\u9d28\u600e\u6a23\u9001\u5230\u5bb6\u4e2d\uff1f<\/span>\n\t\t\t\t<\/a>\n\t\t\t<\/div><!-- .accordion-title -->\n\n\t\t\t<div id=\"acc-ogl1193-0-content\" data-id=\"acc-ogl1193-0\" aria-hidden=\"true\" class=\"accordion-content tf_hide tf_clearfix\" itemscope itemprop=\"acceptedAnswer\" itemtype=\"https:\/\/schema.org\/Answer\">\n\n\t\t\t\t\t\t\t\t\t<div itemprop=\"text\"\t\t\t\t\t\tclass=\"tb_text_wrap\"\n\t\t\t\t\t\t>\n\t\t\t\t\t\t<p>\u70ba\u78ba\u4fdd\u9867\u5ba2\u6536\u5230\u65b0\u9bae\u7684\u5317\u4eac\u70e4\u9d28\u9910\uff0c\u6211\u5011\u6703\u8981\u6c42\u5ba2\u6236\u6700\u9072\u5728\u6bcf\u4e00\u500b\u661f\u671f\u4e09\u4e4b\u524d\u4e0b\u8a02\u55ae\u3002 \u6211\u5011\u65b0\u9bae\u5305\u88dd\u6240\u6709\u8a02\u55ae\uff0c\u4e26\u78ba\u4fdd\u5b83\u5011\u53ef\u5728\u9031\u56db\u767c\u8ca8\u3002 \u6211\u5011\u7684\u904b\u8f38\u5408\u4f5c\u5925\u4f34\u5c07\u5728\u9031\u56db\u53d6\u8d70\u5305\u88f9\u3002<\/p>\n<p>\u901a\u5e38\u5728\u661f\u671f\u4e94\u4ea4\u8ca8\uff0c\u9019\u662f\u6211\u5011\u7684\u904b\u8f38\u5408\u4f5c\u5925\u4f34\u7684\u5354\u8b70\u3002 \u8acb\u6ce8\u610f\uff0c\u9019\u4e5f\u53ef\u80fd\u53d6\u6c7a\u65bc\u60a8\u6240\u5728\u7684\u4f4d\u7f6e\u53ca\u7576\u5929\u7684\u4ea4\u901a\u60c5\u6cc1\uff0c\u53ef\u80fd\u6709\u9700\u8981\u984d\u5916\u7684\u4ea4\u8ca8\u6642\u9593\u3002<\/p>\n<p>\u6211\u5011\u9f13\u52f5\u60a8\u63d0\u524d\u4e0b\u8a02\u55ae\uff0c\u4ee5\u78ba\u4fdd\u6bcf\u4f4d\u9867\u5ba2\u7684\u5317\u4eac\u70e4\u9d28\u9910\u6e96\u6642\u9001\u9054\u60a8\u5bb6\u3002<\/p>\t\t\t\t\t<\/div>\n\t\t\t\t\n\t\t\t<\/div><!-- .accordion-content -->\n\t    <\/li>\n\t\t    <li itemscope itemprop=\"mainEntity\" itemtype=\"https:\/\/schema.org\/Question\">\n\t\t\t<div class=\"accordion-title tf_rel\" itemprop=\"name\">\n\t\t\t\t<a href=\"#acc-ogl1193-1\" aria-controls=\"acc-ogl1193-1-content\" aria-expanded=\"false\">\n\t\t\t\t\t\t\t\t\t\t\t\t\t\t\t<span class=\"tb_title_accordion tf_w\">\u904b\u9001\u5317\u4eac\u70e4\u9d28\u9910\u9700\u8981\u591a\u5c11\u6642\u9593\uff1f<\/span>\n\t\t\t\t<\/a>\n\t\t\t<\/div><!-- .accordion-title -->\n\n\t\t\t<div id=\"acc-ogl1193-1-content\" data-id=\"acc-ogl1193-1\" aria-hidden=\"true\" class=\"accordion-content tf_hide tf_clearfix\" itemscope itemprop=\"acceptedAnswer\" itemtype=\"https:\/\/schema.org\/Answer\">\n\n\t\t\t\t\t\t\t\t\t<div itemprop=\"text\"\t\t\t\t\t\tclass=\"tb_text_wrap\"\n\t\t\t\t\t\t>\n\t\t\t\t\t\t<p>\u5317\u4eac\u70e4\u9d28\u5957\u9910\u7684\u904b\u9001\u901a\u5e38\u6309\u7167\u4ee5\u4e0b\u6642\u9593\u8868\uff1a \u5ba2\u6236\u61c9\u6700\u9072\u65bc\u9031\u4e09\u843d\u55ae\uff0c\u4ee5\u78ba\u4fdd\u6211\u5011\u5b89\u6392\u53ca\u6e96\u5099\u597d\u3002 \u6211\u5011\u6703\u5728\u9031\u56db\u5305\u88dd\u597d\u6240\u6709\u8a02\u55ae\uff0c\u4e26\u5b89\u6392\u767c\u8ca8\u7d66\u6211\u5011\u7684\u904b\u8f38\u516c\u53f8\u3002 \u6211\u5011\u7684\u904b\u8f38\u5408\u4f5c\u5925\u4f34\u6703\u5728\u661f\u671f\u56db\u53d6\u8d70\u5404\u9867\u5ba2\u7684\u5317\u4eac\u70e4\u9d28\u5957\u9910\u3002 \u4e00\u822c\u60c5\u6cc1\u4e0b\u9867\u5ba2\u53ef\u5728\u661f\u671f\u4e94\u6536\u5230\u3002<\/p>\n<p>\u6211\u5011\u76e1\u6700\u5927\u52aa\u529b\u78ba\u4fdd\u60a8\u7684\u5317\u4eac\u70e4\u9d28\u9910\u4ee5\u6700\u4f73\u72c0\u614b\u65b0\u9bae\u9001\u9054\uff0c\u9019\u6a23\u60a8\u5c31\u53ef\u4ee5\u5728\u81ea\u5df1\u8212\u9069\u7684\u5bb6\u4e2d\u4eab\u53d7\u6b63\u5b97\u7684\u5317\u4eac\u70e4\u9d28\u9ad4\u9a57\u3002<\/p>\t\t\t\t\t<\/div>\n\t\t\t\t\n\t\t\t<\/div><!-- .accordion-content -->\n\t    <\/li>\n\t\t    <li itemscope itemprop=\"mainEntity\" itemtype=\"https:\/\/schema.org\/Question\">\n\t\t\t<div class=\"accordion-title tf_rel\" itemprop=\"name\">\n\t\t\t\t<a href=\"#acc-ogl1193-2\" aria-controls=\"acc-ogl1193-2-content\" aria-expanded=\"false\">\n\t\t\t\t\t\t\t\t\t\t\t\t\t\t\t<span class=\"tb_title_accordion tf_w\">\u5317\u4eac\u70e4\u9d28\u9910\u5982\u4f55\u5305\u88dd\u4ee5\u78ba\u4fdd\u904b\u8f38\u904e\u7a0b\u4e2d\u4fdd\u6301\u65b0\u9bae\u5ea6\uff1f<\/span>\n\t\t\t\t<\/a>\n\t\t\t<\/div><!-- .accordion-title -->\n\n\t\t\t<div id=\"acc-ogl1193-2-content\" data-id=\"acc-ogl1193-2\" aria-hidden=\"true\" class=\"accordion-content tf_hide tf_clearfix\" itemscope itemprop=\"acceptedAnswer\" itemtype=\"https:\/\/schema.org\/Answer\">\n\n\t\t\t\t\t\t\t\t\t<div itemprop=\"text\"\t\t\t\t\t\tclass=\"tb_text_wrap\"\n\t\t\t\t\t\t>\n\t\t\t\t\t\t<p>\u5c0d\u6211\u5011\u4f86\u8aaa\uff0c\u78ba\u4fdd\u5317\u4eac\u70e4\u9d28\u9910\u4fdd\u6301\u65b0\u9bae\u5f9e\u5305\u88dd\uff0c\u904b\u8f38\u904e\u7a0b\u53ca\u76f4\u81f3\u9001\u9054\u5230\u9867\u5ba2\u5bb6\u4e2d\u662f\u975e\u5e38\u91cd\u8981\u3002 \u7531\u65bc\u9019\u500b\u539f\u56e0\uff0c\u6211\u5011\u4f7f\u7528\u914d\u5099\u51b7\u85cf\u7684\u4fdd\u9bae\u888b\u5305\u88dd(\u7279\u6b8a\u7d55\u7de3\u5305\u88dd)\u3002 \u9019\u7a2e\u5305\u88dd\u53ef\u78ba\u4fdd\u888b\u5167\u6eab\u5ea6\u7dad\u6301\u5728 7\u00b0C \u4ee5\u4e0b\uff0c\u5f9e\u800c\u4f7f\u98df\u7269\u4fdd\u6301\u51b7\u85cf\u72c0\u614b\u3002<\/p>\n<p>\u5317\u4eac\u70e4\u9d28\u548c\u5176\u4ed6\u914d\u6599\u6703\u653e\u5728\u4fdd\u9bae\u5305\u88dd\u888b\u4e2d\uff0c\u4ee5\u78ba\u4fdd\u6700\u4f73\u51b7\u85cf\u6548\u679c\u3002 \u6b64\u5916\uff0c\u6211\u5011\u5c07\u7d55\u7de3\u5305\u88dd\uff0c\u6bcf\u500b\u4fdd\u9bae\u888b\u6703\u518d\u653e\u5165\u5805\u56fa\u7684\u7d19\u677f\u7bb1\u4e2d\uff0c\u5728\u904b\u8f38\u904e\u7a0b\u4e2d\u63d0\u4f9b\u984d\u5916\u7684\u4fdd\u8b77\u3002<\/p>\n<p>\u6211\u5011\u7684\u76ee\u6a19\u662f\u78ba\u4fdd\u60a8\u7684\u5317\u4eac\u70e4\u9d28\u5957\u9910\u4ee5\u6700\u4f73\u72c0\u614b\u9001\u9054\uff0c\u8b93\u60a8\u4eab\u53d7\u512a\u8cea\u3001\u65b0\u9bae\u7684\u7528\u9910\u9ad4\u9a57\u3002<\/p>\t\t\t\t\t<\/div>\n\t\t\t\t\n\t\t\t<\/div><!-- .accordion-content -->\n\t    <\/li>\n\t\t    <li itemscope itemprop=\"mainEntity\" itemtype=\"https:\/\/schema.org\/Question\">\n\t\t\t<div class=\"accordion-title tf_rel\" itemprop=\"name\">\n\t\t\t\t<a href=\"#acc-ogl1193-3\" aria-controls=\"acc-ogl1193-3-content\" aria-expanded=\"false\">\n\t\t\t\t\t\t\t\t\t\t\t\t\t\t\t<span class=\"tb_title_accordion tf_w\">\u5317\u4eac\u70e4\u9d28\u5957\u9910\u5305\u62ec\u751a\u9ebc\uff1f<\/span>\n\t\t\t\t<\/a>\n\t\t\t<\/div><!-- .accordion-title -->\n\n\t\t\t<div id=\"acc-ogl1193-3-content\" data-id=\"acc-ogl1193-3\" aria-hidden=\"true\" class=\"accordion-content tf_hide tf_clearfix\" itemscope itemprop=\"acceptedAnswer\" itemtype=\"https:\/\/schema.org\/Answer\">\n\n\t\t\t\t\t\t\t\t\t<div itemprop=\"text\"\t\t\t\t\t\tclass=\"tb_text_wrap\"\n\t\t\t\t\t\t>\n\t\t\t\t\t\t<p>\u5317\u4eac\u70e4\u9d28\u5957\u9910\u5167\u5305\u62ec\u751a\u9ebc\uff0c\u60a8\u53ef\u5728\u6211\u5011\u7684\u7522\u54c1\u4ecb\u7d39\u8aaa\u660e\u4e2d\u67e5\u770b\u3002 \u60a8\u6703\u5728\u90a3\u88e1\u627e\u5230\u6240\u542b\u6210\u5206\u548c\u6210\u5206\u7684\u8a73\u7d30\u6e05\u55ae\u3002<\/p>\n<p>\u6211\u5011\u7684\u76ee\u6a19\u662f\u70ba\u60a8\u63d0\u4f9b\u8d85\u8d8a\u5317\u4eac\u70e4\u9d28\u7684\u5b8c\u6574\u7528\u9910\u9ad4\u9a57\u3002 \u9019\u5c31\u662f\u70ba\u751a\u9ebc\u6211\u5011\u78ba\u4fdd\u9910\u5305\u63a1\u7528\u512a\u8cea\u65b0\u9bae\u98df\u6750\u7d44\u88dd\u800c\u6210\uff0c\u9019\u4e9b\u98df\u6750\u7d93\u904e\u7cbe\u5fc3\u8655\u7406\uff0c\u4ee5\u63d0\u4f9b\u5317\u4eac\u70e4\u9d28\u7684\u6b63\u5b97\u5473\u9053\u3002<\/p>\n<p>\u6211\u5011\u5efa\u8b70\u60a8\u95b1\u8b80\u6bcf\u500b\u5317\u4eac\u70e4\u9d28\u5957\u9910\u7684\u7522\u54c1\u8aaa\u660e\uff0c\u4e86\u89e3\u6709\u95dc\u914d\u9001\u7bc4\u570d\u7684\u8a73\u7d30\u4fe1\u606f\uff0c\u4e26\u70ba\u4eab\u53d7\u7f8e\u5473\u4f73\u991a\u505a\u597d\u6e96\u5099\u3002<\/p>\t\t\t\t\t<\/div>\n\t\t\t\t\n\t\t\t<\/div><!-- .accordion-content -->\n\t    <\/li>\n\t\t    <li itemscope itemprop=\"mainEntity\" itemtype=\"https:\/\/schema.org\/Question\">\n\t\t\t<div class=\"accordion-title tf_rel\" itemprop=\"name\">\n\t\t\t\t<a href=\"#acc-ogl1193-4\" aria-controls=\"acc-ogl1193-4-content\" aria-expanded=\"false\">\n\t\t\t\t\t\t\t\t\t\t\t\t\t\t\t<span class=\"tb_title_accordion tf_w\">\u5982\u4f55\u5728\u5bb6\u6e96\u5099\u5317\u4eac\u70e4\u9d28\uff1f<\/span>\n\t\t\t\t<\/a>\n\t\t\t<\/div><!-- .accordion-title -->\n\n\t\t\t<div id=\"acc-ogl1193-4-content\" data-id=\"acc-ogl1193-4\" aria-hidden=\"true\" class=\"accordion-content tf_hide tf_clearfix\" itemscope itemprop=\"acceptedAnswer\" itemtype=\"https:\/\/schema.org\/Answer\">\n\n\t\t\t\t\t\t\t\t\t<div itemprop=\"text\"\t\t\t\t\t\tclass=\"tb_text_wrap\"\n\t\t\t\t\t\t>\n\t\t\t\t\t\t<p>\u6709\u95dc\u91cd\u65b0\u52a0\u71b1\u83dc\u55ae\u7d44\u4ef6\u7684\u8aaa\u660e\uff0c\u8acb\u53c3\u95b1\uff1a<\/p>\n<p>\n<blockquote class=\"wp-embedded-content\" data-secret=\"iUHycVtzgg\"><a href=\"https:\/\/peking-ente.com\/zh\/anleitungen-zur-peking-ente-zubereitung\/\">\u5317\u4eac\u70e4\u9d28\u88fd\u4f5c\u8aaa\u660e<\/a><\/blockquote><iframe loading=\"lazy\" class=\"wp-embedded-content\" sandbox=\"allow-scripts\" security=\"restricted\" style=\"position: absolute; clip: rect(1px, 1px, 1px, 1px);\" title=\"\u5317\u4eac\u70e4\u9d28\u88fd\u4f5c\u8aaa\u660e\" src=\"https:\/\/peking-ente.com\/anleitungen-zur-peking-ente-zubereitung\/embed\/#?secret=LVYDtVTYAk#?secret=iUHycVtzgg\" data-secret=\"iUHycVtzgg\" width=\"600\" height=\"338\" frameborder=\"0\" marginwidth=\"0\" marginheight=\"0\" scrolling=\"no\"><\/iframe>\n<\/p>\t\t\t\t\t<\/div>\n\t\t\t\t\n\t\t\t<\/div><!-- .accordion-content -->\n\t    <\/li>\n\t\t    <li itemscope itemprop=\"mainEntity\" itemtype=\"https:\/\/schema.org\/Question\">\n\t\t\t<div class=\"accordion-title tf_rel\" itemprop=\"name\">\n\t\t\t\t<a href=\"#acc-ogl1193-5\" aria-controls=\"acc-ogl1193-5-content\" aria-expanded=\"false\">\n\t\t\t\t\t\t\t\t\t\t\t\t\t\t\t<span class=\"tb_title_accordion tf_w\">\u5c0d\u6211\u5011\u7684\u5317\u4eac\u70e4\u9d28\u5957\u9910\u4e0d\u6eff\u610f\u53ef\u4ee5\u9000\u8ca8\u55ce\uff1f<\/span>\n\t\t\t\t<\/a>\n\t\t\t<\/div><!-- .accordion-title -->\n\n\t\t\t<div id=\"acc-ogl1193-5-content\" data-id=\"acc-ogl1193-5\" aria-hidden=\"true\" class=\"accordion-content tf_hide tf_clearfix\" itemscope itemprop=\"acceptedAnswer\" itemtype=\"https:\/\/schema.org\/Answer\">\n\n\t\t\t\t\t\t\t\t\t<div itemprop=\"text\"\t\t\t\t\t\tclass=\"tb_text_wrap\"\n\t\t\t\t\t\t>\n\t\t\t\t\t\t<p><span>\u6211\u5011\u5e0c\u671b\u78ba\u4fdd\u60a8\u5c0d\u8a02\u55ae\u6eff\u610f\u3002 \u5982\u679c\u5317\u4eac\u70e4\u9d28\u5957\u9910\u6709\u554f\u984c\uff0c\u8acb\u806f\u7e6b\u6211\u5011\u7684\u5ba2\u6236\u670d\u52d9\u54e1\u3002 \u6839\u64da\u60c5\u6cc1\uff0c\u6211\u5011\u53ef\u4ee5\u63d0\u4f9b\u89e3\u6c7a\u65b9\u6848\uff0c\u5305\u62ec\u63db\u8ca8\u6216\u9000\u6b3e\u3002<\/span><\/p>\t\t\t\t\t<\/div>\n\t\t\t\t\n\t\t\t<\/div><!-- .accordion-content -->\n\t    <\/li>\n\t\t    <li itemscope itemprop=\"mainEntity\" itemtype=\"https:\/\/schema.org\/Question\">\n\t\t\t<div class=\"accordion-title tf_rel\" itemprop=\"name\">\n\t\t\t\t<a href=\"#acc-ogl1193-6\" aria-controls=\"acc-ogl1193-6-content\" aria-expanded=\"false\">\n\t\t\t\t\t\t\t\t\t\t\t\t\t\t\t<span class=\"tb_title_accordion tf_w\"> \u5982\u679c\u5317\u4eac\u70e4\u9d28\u9910\u5728\u904b\u8f38\u904e\u7a0b\u4e2d\u640d\u58de\u6216\u4e0d\u6eff\u610f\u600e\u9ebc\u8fa6\uff1f<\/span>\n\t\t\t\t<\/a>\n\t\t\t<\/div><!-- .accordion-title -->\n\n\t\t\t<div id=\"acc-ogl1193-6-content\" data-id=\"acc-ogl1193-6\" aria-hidden=\"true\" class=\"accordion-content tf_hide tf_clearfix\" itemscope itemprop=\"acceptedAnswer\" itemtype=\"https:\/\/schema.org\/Answer\">\n\n\t\t\t\t\t\t\t\t\t<div itemprop=\"text\"\t\t\t\t\t\tclass=\"tb_text_wrap\"\n\t\t\t\t\t\t>\n\t\t\t\t\t\t<p><span> \u5982\u679c\u60a8\u5c0d\u5317\u4eac\u70e4\u9d28\u9910\u6709\u4efb\u4f55\u640d\u58de\u6216\u4e0d\u6eff\u610f\uff0c\u8acb\u7acb\u5373\u8207\u6211\u5011\u806f\u7e6b\u3002 \u6211\u5011\u5c07\u8abf\u67e5\u554f\u984c\u4e26\u63a1\u53d6\u6700\u9069\u7576\u7684\u63aa\u65bd\uff0c\u4ee5\u78ba\u4fdd\u60a8\u7372\u5f97\u6240\u9700\u7684\u8cea\u91cf\u548c\u6eff\u610f\u5ea6\u3002<\/span><\/p>\t\t\t\t\t<\/div>\n\t\t\t\t\n\t\t\t<\/div><!-- .accordion-content -->\n\t    <\/li>\n\t    <\/ul>\n\n<\/div><!-- \/module accordion -->                    <\/div>\n                            <\/div>\n            \t    <\/div>\n\t<\/div><!-- \/themify_builder_sub_row -->\n\t\t<div  data-lazy=\"1\" class=\"module_subrow themify_builder_sub_row tb_xxsm434 tf_w tf_clearfix\">\n\t    \t\t\t<div class=\"subrow_inner col_align_top tb_col_count_1 tf_box tf_w\">\n\t\t            <div  data-lazy=\"1\" class=\"module_column sub_column col-full tb_z0dx434 first\">\n                                                        <div class=\"tb-column-inner tf_box tf_w\">\n                        <!-- module text -->\n<div  class=\"module module-text tb_j798434  repeat\" data-lazy=\"1\">\n        <div  class=\"tb_text_wrap\">\n    <h3>\u95dc\u65bc\u5317\u4eac\u70e4\u9d28\u7684\u4e00\u822c\u554f\u984c<\/h3>\n<ul>\n<li><a href=\"https:\/\/chinayung.de\/zh\/\u5317\u4eac\u70e4\u9d28\/?tb-page=2\/#wie_werden_die_peking_ente_zubereitet\" target=\"_blank\" rel=\"noopener\">\u5317\u4eac\u70e4\u9d28\u61c9\u8a72\u5982\u4f55\u6e96\u5099\u7684<\/a><\/li>\n<li><a href=\"https:\/\/chinayung.de\/zh\/\u5317\u4eac\u70e4\u9d28\/?tb-page=2\/#was_ist_der_unterschied_zwischen_ente_und_pekingente\" target=\"_blank\" rel=\"noopener\">\u71d2\u9d28\u548c\u5317\u4eac\u70e4\u9d28\u6709\u4ec0\u9ebc\u5340\u5225<\/a><\/li>\n<li><a href=\"https:\/\/chinayung.de\/zh\/\u5317\u4eac\u70e4\u9d28\/?tb-page=2\/#was_ist_das_besondere_an_peking_ente\" target=\"_blank\" rel=\"noopener\">\u5317\u4eac\u70e4\u9d28\u6709\u4ec0\u9ebc\u7279\u5225\u4e4b\u8655<\/a><\/li>\n<li><a href=\"https:\/\/chinayung.de\/zh\/\u5317\u4eac\u70e4\u9d28\/?tb-page=2\/#wie_schmeckt_peking_ente\" target=\"_blank\" rel=\"noopener\">\u5317\u4eac\u70e4\u9d28\u7684\u5473\u9053\u662f\u600e\u6a23\u7684<\/a><\/li>\n<li><a href=\"https:\/\/chinayung.de\/zh\/\u5317\u4eac\u70e4\u9d28\/?tb-page=2\/#Wo_gibt_es_die_besten_peking_ente\" target=\"_blank\" rel=\"noopener\">\u54ea\u88e1\u53ef\u4ee5\u8cb7\u5230\u6700\u597d\u7684\u5317\u4eac\u70e4\u9d28<\/a><\/li>\n<\/ul>    <\/div>\n<\/div>\n<!-- \/module text -->                    <\/div>\n                            <\/div>\n            \t    <\/div>\n\t<\/div><!-- \/themify_builder_sub_row -->\n\t                    <\/div>\n                            <\/div>\n            \t    <\/div>\n\t    <!-- \/row_inner -->\n\t<\/div>\n\t<!-- \/module_row -->\n\t\t\t\t<!-- module_row -->\n\t<div  data-css_id=\"b5sh928\" data-lazy=\"1\" class=\"module_row themify_builder_row fullheight fullwidth tb_b5sh928 tf_w tf_clearfix\" data-tbfullwidthvideo=\"https:\/\/youtu.be\/FW54f6TZlxM\" data-unloopvideo=\"unloop\">\n\t    <div class=\"builder_row_cover tf_abs\"><\/div>\t\t\t<div class=\"row_inner col_align_top tb_col_count_1 tf_box tf_rel\">\n\t\t            <div  data-lazy=\"1\" class=\"module_column tb-column col-full tb_pdn0928 first\">\n                                                        <div class=\"tb-column-inner tf_box tf_w\">\n                            <!-- module alert -->\n\t<div  class=\"module ui module-alert tb_nenx928 button-bottom-center transparent\" data-auto-close=\"10\" data-module-id=\"tb_nenx928\" data-alert-limit=\"\" data-lazy=\"1\">\n\t\t\t\t<div class=\"alert-inner\">\n\t\t\t<div class=\"alert-content\">\n\t\t\t\t<h3 class=\"alert-heading\">\u5317\u4eac\u70e4\u9d28 <\/h3>\n\t\t\t\t<div class=\"tb_text_wrap\">\n\t\t\t\t\t\u4f60\u60f3\u4e86\u89e3\u6211\u5011\u7684\u5317\u4eac\u70e4\u9d28\u55ce\uff1f\t\t\t\t<\/div>\n\t\t\t<\/div>\n\t\t\t<!-- \/alert-content -->\n\t\t\t\t\t<\/div>\n\t\t<div class=\"alert-close tf_close\"><\/div>\n\t\t<!-- \/alert-content -->\n\t<\/div>\n\t<!-- \/module alert -->\n                    <\/div>\n                            <\/div>\n            \t    <\/div>\n\t    <!-- \/row_inner -->\n\t<\/div>\n\t<!-- \/module_row -->\n\t<\/div>\n<!--\/themify_builder_content-->","protected":false},"excerpt":{"rendered":"<p>\u95dc\u65bc\u5317\u4eac\u70e4\u9d28\u7684\u4e00\u822c\u554f\u984c \u5317\u4eac\u70e4\u9d28\u662f\u5982\u4f55\u6e96\u5099\u7684 \u70e4\u9d28\u548c\u5317\u4eac\u70e4\u9d28\u6709\u4ec0\u9ebc\u5340\u5225 \u5317\u4eac\u70e4\u9d28\u6709\u4ec0\u9ebc\u7279\u5225\u4e4b\u8655 \u5317\u4eac\u70e4\u9d28\u5473\u9053\u5982\u4f55\uff1f\u54ea\u88e1\u53ef\u4ee5\u627e\u5230\u6700\u597d\u7684\u5317\u4eac\u70e4\u9d28\uff1f<\/p>","protected":false},"author":1,"featured_media":0,"parent":0,"menu_order":0,"comment_status":"closed","ping_status":"closed","template":"","meta":{"footnotes":""},"class_list":["post-28","page","type-page","status-publish","hentry","has-post-title","has-post-date","has-post-category","has-post-tag","has-post-comment","has-post-author",""],"builder_content":"<h1>Peking Ente<br\/>eines der ber\u00fchmtesten Gerichten der chinesischen K\u00fcche<\/h1>\n<h3>FAQ zur Peking Ente @home<\/h3><ul><li><h4>Wie funktioniert der Versand der Peking Ente Kochbox?<\/h4><p>Um sicherzustellen, dass Sie Ihre Peking Ente Kochbox frisch erhalten, bitten wir unsere Kunden, ihre Bestellung bis sp\u00e4testens Mittwoch aufzugeben. Wir packen alle Bestellungen frisch ein und stellen sicher, dass sie am Mittwoch versandfertig sind. Unser Versandpartner holt die Pakete dann am Donnerstag ab.<\/p> <p>Die Zustellung erfolgt in der Regel am Freitag, abh\u00e4ngig von den Vereinbarungen mit unserem Versandpartner. Bitte beachten Sie, dass es auch von Ihrem Standort abh\u00e4ngen kann und m\u00f6glicherweise zus\u00e4tzliche Lieferzeiten gelten k\u00f6nnen.<\/p> <p>Wir empfehlen Ihnen, Ihre Bestellung rechtzeitig aufzugeben, um sicherzustellen, dass Ihre Peking Ente Kochbox p\u00fcnktlich bei Ihnen zu Hause eintrifft.<\/p><\/li><li><h4>Wie lange dauert der Versand der Peking Ente Kochbox?<\/h4><p>Der Versand der Peking Ente Kochbox erfolgt in der Regel nach dem folgenden Zeitplan: Kunden sollten ihre Bestellung bis sp\u00e4testens Mittwoch aufgeben, um sicherzustellen, dass ihre Kochbox rechtzeitig vorbereitet wird. Wir verpacken alle Bestellungen frisch am Mittwoch und stellen sicher, dass sie versandfertig sind. Am Donnerstag holt unser Versandpartner die Pakete ab. Die Zustellung erfolgt dann in Absprache mit unserem Versandpartner, normalerweise am Freitag.<\/p> <p>Wir tun unser Bestes, um sicherzustellen, dass Ihre Kochbox frisch und in bestem Zustand bei Ihnen ankommt, damit Sie das authentische Geschmackserlebnis der Peking Ente in Ihren eigenen vier W\u00e4nden genie\u00dfen k\u00f6nnen.<\/p><\/li><li><h4>Wie wird die Peking Ente Kochbox verpackt, um die Frische w\u00e4hrend des Versands zu gew\u00e4hrleisten?<\/h4><p>Wir legen gro\u00dfen Wert darauf, dass die Peking Ente Kochbox w\u00e4hrend des Versands frisch und in bestem Zustand bei Ihnen ankommt. Aus diesem Grund verwenden wir eine spezielle Isolierverpackung, die mit einem K\u00fchlmagazin ausgestattet ist. Diese Verpackung gew\u00e4hrleistet, dass die Temperatur im Inneren der Box konstant unter 7\u00b0C bleibt und die Produkte somit gek\u00fchlt bleiben.<\/p> <p>Die Peking Ente und die anderen Zutaten werden sorgf\u00e4ltig in der Isolierverpackung angeordnet, um eine optimale K\u00fchlung zu gew\u00e4hrleisten. Dar\u00fcber hinaus umgeben wir die Isolierverpackung mit einem robusten Karton, um zus\u00e4tzlichen Schutz w\u00e4hrend des Transports zu bieten.<\/p> <p>Unser Ziel ist es, sicherzustellen, dass Ihre Peking Ente Kochbox in bestem Zustand bei Ihnen ankommt und Sie ein hochwertiges und frisches kulinarisches Erlebnis genie\u00dfen k\u00f6nnen.<\/p><\/li><li><h4>Was ist im Lieferumfang der Peking Ente Kochbox enthalten?<\/h4><p>Der Lieferumfang der Peking Ente Kochbox variiert je nach Paket und kann in der Produktbeschreibung eingesehen werden. Dort finden Sie eine detaillierte Auflistung der enthaltenen Zutaten und Komponenten.<\/p> <p>Unser Ziel ist es, Ihnen ein umfassendes kulinarisches Erlebnis zu bieten, das \u00fcber die Peking Ente hinausgeht. Deshalb stellen wir sicher, dass die Kochbox mit hochwertigen und frischen Zutaten zusammengestellt wird, die sorgf\u00e4ltig aufeinander abgestimmt sind, um den authentischen Geschmack der Peking Ente zu unterstreichen.<\/p> <p>Wir empfehlen Ihnen, die Produktbeschreibung der jeweiligen Peking Ente Kochbox zu lesen, um genaue Informationen \u00fcber den Lieferumfang zu erhalten und sich auf ein k\u00f6stliches kulinarisches Erlebnis vorzubereiten.<\/p><\/li><li><h4>Wie bereite ich die Peking Ente zu Hause zu?<\/h4><p>Anleitungen zur Aufw\u00e4rmen der Men\u00fckomponenten findest du unter:<\/p> <p>https:\/\/peking-ente.com\/anleitungen-zur-peking-ente-zubereitung\/<\/p><\/li><li><h4>Kann ich die Peking Ente Kochbox zur\u00fcckschicken, wenn ich nicht zufrieden bin?<\/h4><p>Wir m\u00f6chten sicherstellen, dass Sie mit Ihrer Bestellung zufrieden sind. Wenn es ein Problem mit der Peking Ente Kochbox gibt, kontaktieren Sie bitte unseren Kundenservice. Je nach Situation k\u00f6nnen wir eine L\u00f6sung anbieten, einschlie\u00dflich Umtausch oder Erstattung.<\/p><\/li><li><h4> Was passiert, wenn die Peking Ente Kochbox w\u00e4hrend des Versands besch\u00e4digt oder nicht zufriedenstellend ist?<\/h4><p> Im Falle von Sch\u00e4den oder Unzufriedenheit mit der Peking Ente Kochbox bitten wir Sie, uns umgehend zu kontaktieren. Wir werden das Problem untersuchen und angemessene Ma\u00dfnahmen ergreifen, um sicherzustellen, dass Sie die gew\u00fcnschte Qualit\u00e4t und Zufriedenheit erhalten.<\/p><\/li><\/ul>\n<h3>Allgemeine Fragen zur Peking Ente<\/h3> <ul> <li><a href=\"https:\/\/chinayung.de\/die-peking-ente\/?tb-page=2\/#wie_werden_die_peking_ente_zubereitet\">Wie werden die Peking Ente zubereitet<\/a><\/li> <li><a href=\"https:\/\/chinayung.de\/die-peking-ente\/?tb-page=2\/#was_ist_der_unterschied_zwischen_ente_und_pekingente\">Was ist der Unterschied zwischen Ente und Peking Ente<\/a><\/li> <li><a href=\"https:\/\/chinayung.de\/die-peking-ente\/?tb-page=2\/#was_ist_das_besondere_an_peking_ente\">Was ist das Besondere an Peking Ente<\/a><\/li> <li><a href=\"https:\/\/chinayung.de\/die-peking-ente\/?tb-page=2\/#wie_schmeckt_peking_ente\">Wie schmeckt Peking Ente<\/a><\/li> <li><a href=\"https:\/\/chinayung.de\/die-peking-ente\/?tb-page=2\/#Wo_gibt_es_die_besten_peking_ente\">Wo gibt es die beste Peking Ente<\/a><\/li> <\/ul>\n<h3>Peking Ente <\/h3> alles, was Sie schon immer dar\u00fcber wissen wollten.","_links":{"self":[{"href":"https:\/\/peking-ente.com\/zh\/wp-json\/wp\/v2\/pages\/28","targetHints":{"allow":["GET"]}}],"collection":[{"href":"https:\/\/peking-ente.com\/zh\/wp-json\/wp\/v2\/pages"}],"about":[{"href":"https:\/\/peking-ente.com\/zh\/wp-json\/wp\/v2\/types\/page"}],"author":[{"embeddable":true,"href":"https:\/\/peking-ente.com\/zh\/wp-json\/wp\/v2\/users\/1"}],"replies":[{"embeddable":true,"href":"https:\/\/peking-ente.com\/zh\/wp-json\/wp\/v2\/comments?post=28"}],"version-history":[{"count":5,"href":"https:\/\/peking-ente.com\/zh\/wp-json\/wp\/v2\/pages\/28\/revisions"}],"predecessor-version":[{"id":823,"href":"https:\/\/peking-ente.com\/zh\/wp-json\/wp\/v2\/pages\/28\/revisions\/823"}],"wp:attachment":[{"href":"https:\/\/peking-ente.com\/zh\/wp-json\/wp\/v2\/media?parent=28"}],"curies":[{"name":"wp","href":"https:\/\/api.w.org\/{rel}","templated":true}]}}