{"id":28,"date":"2023-05-16T09:07:54","date_gmt":"2023-05-16T09:07:54","guid":{"rendered":"https:\/\/peking-ente.com\/?page_id=28"},"modified":"2023-05-17T09:31:52","modified_gmt":"2023-05-17T09:31:52","slug":"faq","status":"publish","type":"page","link":"https:\/\/peking-ente.com\/en\/faq\/","title":{"rendered":"FAQ"},"content":{"rendered":"<!--themify_builder_content-->\n<div id=\"themify_builder_content-28\" data-postid=\"28\" class=\"themify_builder_content themify_builder_content-28 themify_builder tf_clear\">\n    \t\t\t<!-- module_row -->\n\t<div  data-lazy=\"1\" class=\"module_row themify_builder_row tb_7zk7789 tb_first tf_w tf_clearfix\">\n\t    \t\t\t<div class=\"row_inner col_align_top tb_col_count_1 tf_box tf_rel\">\n\t\t            <div  data-lazy=\"1\" class=\"module_column tb-column col-full tb_xzgc790 first\">\n                                                        <div class=\"tb-column-inner tf_box tf_w\">\n                        <!-- module fancy heading -->\n<div  class=\"module module-fancy-heading tb_n0vm790\" data-lazy=\"1\">\n        <h1 class=\"fancy-heading tf_textc\">\n    <span class=\"main-head tf_block\">\n\t\t\t\t\tPeking duck\t\t    <\/span>\n\n\t\n    <span class=\"sub-head tf_block tf_rel\">\n\t\t\t\t\tOne of the most famous dishes of Chinese cuisine\t\t    <\/span>\n    <\/h1>\n<\/div>\n<!-- \/module fancy heading -->\n\t<div  data-lazy=\"1\" class=\"module_subrow themify_builder_sub_row tb_7mvd791 tf_w tf_clearfix\">\n\t    \t\t\t<div class=\"subrow_inner col_align_top tb_col_count_1 tf_box tf_w\">\n\t\t            <div  data-lazy=\"1\" class=\"module_column sub_column col-full tb_ppgj791 first\">\n                                                        <div class=\"tb-column-inner tf_box tf_w\">\n                        <!-- module accordion -->\n<div  class=\"module module-accordion tb_ogl1193\" data-behavior=\"toggle\" data-lazy=\"1\">\n    <h3 class=\"module-title\">FAQ about the Peking Duck @home<\/h3>\n    <ul class=\"ui module-accordion plus-icon-button  tb_default_color\" itemscope itemtype=\"https:\/\/schema.org\/FAQPage\">\n\t\t    <li itemscope itemprop=\"mainEntity\" itemtype=\"https:\/\/schema.org\/Question\">\n\t\t\t<div class=\"accordion-title tf_rel\" itemprop=\"name\">\n\t\t\t\t<a href=\"#acc-ogl1193-0\" aria-controls=\"acc-ogl1193-0-content\" aria-expanded=\"false\">\n\t\t\t\t\t\t\t\t\t\t\t\t\t\t\t<span class=\"tb_title_accordion tf_w\">How does the Peking Duck Cooking Box shipping work?<\/span>\n\t\t\t\t<\/a>\n\t\t\t<\/div><!-- .accordion-title -->\n\n\t\t\t<div id=\"acc-ogl1193-0-content\" data-id=\"acc-ogl1193-0\" aria-hidden=\"true\" class=\"accordion-content tf_hide tf_clearfix\" itemscope itemprop=\"acceptedAnswer\" itemtype=\"https:\/\/schema.org\/Answer\">\n\n\t\t\t\t\t\t\t\t\t<div itemprop=\"text\"\t\t\t\t\t\tclass=\"tb_text_wrap\"\n\t\t\t\t\t\t>\n\t\t\t\t\t\t<p>To ensure that you receive your Peking Duck Cooking Box fresh, we ask our customers to place their order by Wednesday at the latest. We pack all orders fresh and make sure they are ready for dispatch on Wednesday. Our shipping partner then collects the packages on Thursday.<\/p>\n<p>Delivery is usually on Friday, depending on arrangements with our shipping partner. Please note that it may also depend on your location and additional delivery times may apply.<\/p>\n<p>We recommend that you place your order in good time to ensure that your Peking Duck Cooking Box arrives at your home on time.<\/p>\t\t\t\t\t<\/div>\n\t\t\t\t\n\t\t\t<\/div><!-- .accordion-content -->\n\t    <\/li>\n\t\t    <li itemscope itemprop=\"mainEntity\" itemtype=\"https:\/\/schema.org\/Question\">\n\t\t\t<div class=\"accordion-title tf_rel\" itemprop=\"name\">\n\t\t\t\t<a href=\"#acc-ogl1193-1\" aria-controls=\"acc-ogl1193-1-content\" aria-expanded=\"false\">\n\t\t\t\t\t\t\t\t\t\t\t\t\t\t\t<span class=\"tb_title_accordion tf_w\">How long does it take to ship the Peking Duck Cooking Box?<\/span>\n\t\t\t\t<\/a>\n\t\t\t<\/div><!-- .accordion-title -->\n\n\t\t\t<div id=\"acc-ogl1193-1-content\" data-id=\"acc-ogl1193-1\" aria-hidden=\"true\" class=\"accordion-content tf_hide tf_clearfix\" itemscope itemprop=\"acceptedAnswer\" itemtype=\"https:\/\/schema.org\/Answer\">\n\n\t\t\t\t\t\t\t\t\t<div itemprop=\"text\"\t\t\t\t\t\tclass=\"tb_text_wrap\"\n\t\t\t\t\t\t>\n\t\t\t\t\t\t<p>The Peking Duck Cooking Box is usually dispatched according to the following schedule: Customers should place their order no later than Wednesday to ensure that their cooking box is prepared in time. We pack all orders fresh on Wednesday to ensure they are ready for dispatch. On Thursday, our shipping partner collects the packages. Delivery then takes place in consultation with our shipping partner, usually on Friday.<\/p>\n<p>We do our best to ensure that your cooking box arrives fresh and in top condition, so you can enjoy the authentic taste experience of Peking Duck in the comfort of your own home.<\/p>\t\t\t\t\t<\/div>\n\t\t\t\t\n\t\t\t<\/div><!-- .accordion-content -->\n\t    <\/li>\n\t\t    <li itemscope itemprop=\"mainEntity\" itemtype=\"https:\/\/schema.org\/Question\">\n\t\t\t<div class=\"accordion-title tf_rel\" itemprop=\"name\">\n\t\t\t\t<a href=\"#acc-ogl1193-2\" aria-controls=\"acc-ogl1193-2-content\" aria-expanded=\"false\">\n\t\t\t\t\t\t\t\t\t\t\t\t\t\t\t<span class=\"tb_title_accordion tf_w\">How is the Peking Duck Cooking Box packed to ensure freshness during shipping?<\/span>\n\t\t\t\t<\/a>\n\t\t\t<\/div><!-- .accordion-title -->\n\n\t\t\t<div id=\"acc-ogl1193-2-content\" data-id=\"acc-ogl1193-2\" aria-hidden=\"true\" class=\"accordion-content tf_hide tf_clearfix\" itemscope itemprop=\"acceptedAnswer\" itemtype=\"https:\/\/schema.org\/Answer\">\n\n\t\t\t\t\t\t\t\t\t<div itemprop=\"text\"\t\t\t\t\t\tclass=\"tb_text_wrap\"\n\t\t\t\t\t\t>\n\t\t\t\t\t\t<p>We attach great importance to ensuring that the Peking Duck Cooking Box arrives fresh and in top condition during shipping. For this reason, we use special insulated packaging that is equipped with a cooling magazine. This packaging ensures that the temperature inside the box remains constantly below 7\u00b0C and the products therefore stay chilled.<\/p>\n<p>The Peking duck and the other ingredients are carefully arranged in the insulated packaging to ensure optimal cooling. In addition, we surround the insulated pack with a sturdy cardboard box to provide extra protection during transport.<\/p>\n<p>Our aim is to ensure that your Peking Duck Cooking Box arrives in the best condition for you to enjoy a high quality and fresh culinary experience.<\/p>\t\t\t\t\t<\/div>\n\t\t\t\t\n\t\t\t<\/div><!-- .accordion-content -->\n\t    <\/li>\n\t\t    <li itemscope itemprop=\"mainEntity\" itemtype=\"https:\/\/schema.org\/Question\">\n\t\t\t<div class=\"accordion-title tf_rel\" itemprop=\"name\">\n\t\t\t\t<a href=\"#acc-ogl1193-3\" aria-controls=\"acc-ogl1193-3-content\" aria-expanded=\"false\">\n\t\t\t\t\t\t\t\t\t\t\t\t\t\t\t<span class=\"tb_title_accordion tf_w\">What is included in the Peking Duck Cooking Box?<\/span>\n\t\t\t\t<\/a>\n\t\t\t<\/div><!-- .accordion-title -->\n\n\t\t\t<div id=\"acc-ogl1193-3-content\" data-id=\"acc-ogl1193-3\" aria-hidden=\"true\" class=\"accordion-content tf_hide tf_clearfix\" itemscope itemprop=\"acceptedAnswer\" itemtype=\"https:\/\/schema.org\/Answer\">\n\n\t\t\t\t\t\t\t\t\t<div itemprop=\"text\"\t\t\t\t\t\tclass=\"tb_text_wrap\"\n\t\t\t\t\t\t>\n\t\t\t\t\t\t<p>The scope of delivery of the Peking Duck Cooking Box varies depending on the package and can be found in the product description. There you will find a detailed list of the ingredients and components included.<\/p>\n<p>Our aim is to provide you with a comprehensive culinary experience that goes beyond Peking Duck. That's why we make sure that the cooking box is put together with high-quality and fresh ingredients that are carefully matched to enhance the authentic taste of the Peking duck.<\/p>\n<p>We recommend that you read the product description of the respective Peking Duck Cooking Box for precise information about the scope of delivery and to prepare yourself for a delicious culinary experience.<\/p>\t\t\t\t\t<\/div>\n\t\t\t\t\n\t\t\t<\/div><!-- .accordion-content -->\n\t    <\/li>\n\t\t    <li itemscope itemprop=\"mainEntity\" itemtype=\"https:\/\/schema.org\/Question\">\n\t\t\t<div class=\"accordion-title tf_rel\" itemprop=\"name\">\n\t\t\t\t<a href=\"#acc-ogl1193-4\" aria-controls=\"acc-ogl1193-4-content\" aria-expanded=\"false\">\n\t\t\t\t\t\t\t\t\t\t\t\t\t\t\t<span class=\"tb_title_accordion tf_w\">How do I prepare the Peking duck at home?<\/span>\n\t\t\t\t<\/a>\n\t\t\t<\/div><!-- .accordion-title -->\n\n\t\t\t<div id=\"acc-ogl1193-4-content\" data-id=\"acc-ogl1193-4\" aria-hidden=\"true\" class=\"accordion-content tf_hide tf_clearfix\" itemscope itemprop=\"acceptedAnswer\" itemtype=\"https:\/\/schema.org\/Answer\">\n\n\t\t\t\t\t\t\t\t\t<div itemprop=\"text\"\t\t\t\t\t\tclass=\"tb_text_wrap\"\n\t\t\t\t\t\t>\n\t\t\t\t\t\t<p>Instructions on how to warm up the menu components can be found under:<\/p>\n<p>\n<blockquote class=\"wp-embedded-content\" data-secret=\"iUHycVtzgg\"><a href=\"https:\/\/peking-ente.com\/en\/anleitungen-zur-peking-ente-zubereitung\/\">Instructions for Peking duck preparation<\/a><\/blockquote><iframe loading=\"lazy\" class=\"wp-embedded-content\" sandbox=\"allow-scripts\" security=\"restricted\" style=\"position: absolute; clip: rect(1px, 1px, 1px, 1px);\" title=\"Instructions for Peking duck preparation\" src=\"https:\/\/peking-ente.com\/anleitungen-zur-peking-ente-zubereitung\/embed\/#?secret=LVYDtVTYAk#?secret=iUHycVtzgg\" data-secret=\"iUHycVtzgg\" width=\"600\" height=\"338\" frameborder=\"0\" marginwidth=\"0\" marginheight=\"0\" scrolling=\"no\"><\/iframe>\n<\/p>\t\t\t\t\t<\/div>\n\t\t\t\t\n\t\t\t<\/div><!-- .accordion-content -->\n\t    <\/li>\n\t\t    <li itemscope itemprop=\"mainEntity\" itemtype=\"https:\/\/schema.org\/Question\">\n\t\t\t<div class=\"accordion-title tf_rel\" itemprop=\"name\">\n\t\t\t\t<a href=\"#acc-ogl1193-5\" aria-controls=\"acc-ogl1193-5-content\" aria-expanded=\"false\">\n\t\t\t\t\t\t\t\t\t\t\t\t\t\t\t<span class=\"tb_title_accordion tf_w\">Can I return the Peking Duck Cooking Box if I am not satisfied?<\/span>\n\t\t\t\t<\/a>\n\t\t\t<\/div><!-- .accordion-title -->\n\n\t\t\t<div id=\"acc-ogl1193-5-content\" data-id=\"acc-ogl1193-5\" aria-hidden=\"true\" class=\"accordion-content tf_hide tf_clearfix\" itemscope itemprop=\"acceptedAnswer\" itemtype=\"https:\/\/schema.org\/Answer\">\n\n\t\t\t\t\t\t\t\t\t<div itemprop=\"text\"\t\t\t\t\t\tclass=\"tb_text_wrap\"\n\t\t\t\t\t\t>\n\t\t\t\t\t\t<p><span>We want to make sure you are happy with your order. If there is a problem with the Peking Duck Cooking Box, please contact our customer service. Depending on the situation, we may be able to offer a solution, including an exchange or refund.<\/span><\/p>\t\t\t\t\t<\/div>\n\t\t\t\t\n\t\t\t<\/div><!-- .accordion-content -->\n\t    <\/li>\n\t\t    <li itemscope itemprop=\"mainEntity\" itemtype=\"https:\/\/schema.org\/Question\">\n\t\t\t<div class=\"accordion-title tf_rel\" itemprop=\"name\">\n\t\t\t\t<a href=\"#acc-ogl1193-6\" aria-controls=\"acc-ogl1193-6-content\" aria-expanded=\"false\">\n\t\t\t\t\t\t\t\t\t\t\t\t\t\t\t<span class=\"tb_title_accordion tf_w\"> What happens if the Peking Duck Cooking Box is damaged or unsatisfactory during shipping?<\/span>\n\t\t\t\t<\/a>\n\t\t\t<\/div><!-- .accordion-title -->\n\n\t\t\t<div id=\"acc-ogl1193-6-content\" data-id=\"acc-ogl1193-6\" aria-hidden=\"true\" class=\"accordion-content tf_hide tf_clearfix\" itemscope itemprop=\"acceptedAnswer\" itemtype=\"https:\/\/schema.org\/Answer\">\n\n\t\t\t\t\t\t\t\t\t<div itemprop=\"text\"\t\t\t\t\t\tclass=\"tb_text_wrap\"\n\t\t\t\t\t\t>\n\t\t\t\t\t\t<p><span> In the event of any damage or dissatisfaction with the Peking Duck Cooking Box, please contact us immediately. We will investigate the problem and take appropriate action to ensure you receive the quality and satisfaction you desire.<\/span><\/p>\t\t\t\t\t<\/div>\n\t\t\t\t\n\t\t\t<\/div><!-- .accordion-content -->\n\t    <\/li>\n\t    <\/ul>\n\n<\/div><!-- \/module accordion -->                    <\/div>\n                            <\/div>\n            \t    <\/div>\n\t<\/div><!-- \/themify_builder_sub_row -->\n\t\t<div  data-lazy=\"1\" class=\"module_subrow themify_builder_sub_row tb_xxsm434 tf_w tf_clearfix\">\n\t    \t\t\t<div class=\"subrow_inner col_align_top tb_col_count_1 tf_box tf_w\">\n\t\t            <div  data-lazy=\"1\" class=\"module_column sub_column col-full tb_z0dx434 first\">\n                                                        <div class=\"tb-column-inner tf_box tf_w\">\n                        <!-- module text -->\n<div  class=\"module module-text tb_j798434  repeat\" data-lazy=\"1\">\n        <div  class=\"tb_text_wrap\">\n    <h3>General questions about the Peking Duck<\/h3>\n<ul>\n<li><a href=\"https:\/\/chinayung.de\/en\/the-peking-duck\/?tb-page=2\/#wie_werden_die_peking_ente_zubereitet\" target=\"_blank\" rel=\"noopener\">How to prepare the Peking duck<\/a><\/li>\n<li><a href=\"https:\/\/chinayung.de\/en\/the-peking-duck\/?tb-page=2\/#was_ist_der_unterschied_zwischen_ente_und_pekingente\" target=\"_blank\" rel=\"noopener\">What is the difference between duck and Peking duck<\/a><\/li>\n<li><a href=\"https:\/\/chinayung.de\/en\/the-peking-duck\/?tb-page=2\/#was_ist_das_besondere_an_peking_ente\" target=\"_blank\" rel=\"noopener\">What is so special about Peking Duck<\/a><\/li>\n<li><a href=\"https:\/\/chinayung.de\/en\/the-peking-duck\/?tb-page=2\/#wie_schmeckt_peking_ente\" target=\"_blank\" rel=\"noopener\">What does Peking duck taste like<\/a><\/li>\n<li><a href=\"https:\/\/chinayung.de\/en\/the-peking-duck\/?tb-page=2\/#Wo_gibt_es_die_besten_peking_ente\" target=\"_blank\" rel=\"noopener\">Where can I get the best Peking duck<\/a><\/li>\n<\/ul>    <\/div>\n<\/div>\n<!-- \/module text -->                    <\/div>\n                            <\/div>\n            \t    <\/div>\n\t<\/div><!-- \/themify_builder_sub_row -->\n\t                    <\/div>\n                            <\/div>\n            \t    <\/div>\n\t    <!-- \/row_inner -->\n\t<\/div>\n\t<!-- \/module_row -->\n\t\t\t\t<!-- module_row -->\n\t<div  data-css_id=\"b5sh928\" data-lazy=\"1\" class=\"module_row themify_builder_row fullheight fullwidth tb_b5sh928 tf_w tf_clearfix\" data-tbfullwidthvideo=\"https:\/\/youtu.be\/FW54f6TZlxM\" data-unloopvideo=\"unloop\">\n\t    <div class=\"builder_row_cover tf_abs\"><\/div>\t\t\t<div class=\"row_inner col_align_top tb_col_count_1 tf_box tf_rel\">\n\t\t            <div  data-lazy=\"1\" class=\"module_column tb-column col-full tb_pdn0928 first\">\n                                                        <div class=\"tb-column-inner tf_box tf_w\">\n                            <!-- module alert -->\n\t<div  class=\"module ui module-alert tb_nenx928 button-bottom-center transparent\" data-auto-close=\"10\" data-module-id=\"tb_nenx928\" data-alert-limit=\"\" data-lazy=\"1\">\n\t\t\t\t<div class=\"alert-inner\">\n\t\t\t<div class=\"alert-content\">\n\t\t\t\t<h3 class=\"alert-heading\">Peking duck <\/h3>\n\t\t\t\t<div class=\"tb_text_wrap\">\n\t\t\t\t\teverything you always wanted to know about it.\t\t\t\t<\/div>\n\t\t\t<\/div>\n\t\t\t<!-- \/alert-content -->\n\t\t\t\t\t<\/div>\n\t\t<div class=\"alert-close tf_close\"><\/div>\n\t\t<!-- \/alert-content -->\n\t<\/div>\n\t<!-- \/module alert -->\n                    <\/div>\n                            <\/div>\n            \t    <\/div>\n\t    <!-- \/row_inner -->\n\t<\/div>\n\t<!-- \/module_row -->\n\t<\/div>\n<!--\/themify_builder_content-->","protected":false},"excerpt":{"rendered":"<p>General questions about Peking duck How are Peking ducks prepared What is the difference between duck and Peking duck What is special about Peking duck What does Peking duck taste like Where can you find the best Peking duck?<\/p>","protected":false},"author":1,"featured_media":0,"parent":0,"menu_order":0,"comment_status":"closed","ping_status":"closed","template":"","meta":{"footnotes":""},"class_list":["post-28","page","type-page","status-publish","hentry","has-post-title","has-post-date","has-post-category","has-post-tag","has-post-comment","has-post-author",""],"builder_content":"<h1>Peking Ente<br\/>eines der ber\u00fchmtesten Gerichten der chinesischen K\u00fcche<\/h1>\n<h3>FAQ zur Peking Ente @home<\/h3><ul><li><h4>Wie funktioniert der Versand der Peking Ente Kochbox?<\/h4><p>Um sicherzustellen, dass Sie Ihre Peking Ente Kochbox frisch erhalten, bitten wir unsere Kunden, ihre Bestellung bis sp\u00e4testens Mittwoch aufzugeben. Wir packen alle Bestellungen frisch ein und stellen sicher, dass sie am Mittwoch versandfertig sind. Unser Versandpartner holt die Pakete dann am Donnerstag ab.<\/p> <p>Die Zustellung erfolgt in der Regel am Freitag, abh\u00e4ngig von den Vereinbarungen mit unserem Versandpartner. Bitte beachten Sie, dass es auch von Ihrem Standort abh\u00e4ngen kann und m\u00f6glicherweise zus\u00e4tzliche Lieferzeiten gelten k\u00f6nnen.<\/p> <p>Wir empfehlen Ihnen, Ihre Bestellung rechtzeitig aufzugeben, um sicherzustellen, dass Ihre Peking Ente Kochbox p\u00fcnktlich bei Ihnen zu Hause eintrifft.<\/p><\/li><li><h4>Wie lange dauert der Versand der Peking Ente Kochbox?<\/h4><p>Der Versand der Peking Ente Kochbox erfolgt in der Regel nach dem folgenden Zeitplan: Kunden sollten ihre Bestellung bis sp\u00e4testens Mittwoch aufgeben, um sicherzustellen, dass ihre Kochbox rechtzeitig vorbereitet wird. Wir verpacken alle Bestellungen frisch am Mittwoch und stellen sicher, dass sie versandfertig sind. Am Donnerstag holt unser Versandpartner die Pakete ab. Die Zustellung erfolgt dann in Absprache mit unserem Versandpartner, normalerweise am Freitag.<\/p> <p>Wir tun unser Bestes, um sicherzustellen, dass Ihre Kochbox frisch und in bestem Zustand bei Ihnen ankommt, damit Sie das authentische Geschmackserlebnis der Peking Ente in Ihren eigenen vier W\u00e4nden genie\u00dfen k\u00f6nnen.<\/p><\/li><li><h4>Wie wird die Peking Ente Kochbox verpackt, um die Frische w\u00e4hrend des Versands zu gew\u00e4hrleisten?<\/h4><p>Wir legen gro\u00dfen Wert darauf, dass die Peking Ente Kochbox w\u00e4hrend des Versands frisch und in bestem Zustand bei Ihnen ankommt. Aus diesem Grund verwenden wir eine spezielle Isolierverpackung, die mit einem K\u00fchlmagazin ausgestattet ist. Diese Verpackung gew\u00e4hrleistet, dass die Temperatur im Inneren der Box konstant unter 7\u00b0C bleibt und die Produkte somit gek\u00fchlt bleiben.<\/p> <p>Die Peking Ente und die anderen Zutaten werden sorgf\u00e4ltig in der Isolierverpackung angeordnet, um eine optimale K\u00fchlung zu gew\u00e4hrleisten. Dar\u00fcber hinaus umgeben wir die Isolierverpackung mit einem robusten Karton, um zus\u00e4tzlichen Schutz w\u00e4hrend des Transports zu bieten.<\/p> <p>Unser Ziel ist es, sicherzustellen, dass Ihre Peking Ente Kochbox in bestem Zustand bei Ihnen ankommt und Sie ein hochwertiges und frisches kulinarisches Erlebnis genie\u00dfen k\u00f6nnen.<\/p><\/li><li><h4>Was ist im Lieferumfang der Peking Ente Kochbox enthalten?<\/h4><p>Der Lieferumfang der Peking Ente Kochbox variiert je nach Paket und kann in der Produktbeschreibung eingesehen werden. Dort finden Sie eine detaillierte Auflistung der enthaltenen Zutaten und Komponenten.<\/p> <p>Unser Ziel ist es, Ihnen ein umfassendes kulinarisches Erlebnis zu bieten, das \u00fcber die Peking Ente hinausgeht. Deshalb stellen wir sicher, dass die Kochbox mit hochwertigen und frischen Zutaten zusammengestellt wird, die sorgf\u00e4ltig aufeinander abgestimmt sind, um den authentischen Geschmack der Peking Ente zu unterstreichen.<\/p> <p>Wir empfehlen Ihnen, die Produktbeschreibung der jeweiligen Peking Ente Kochbox zu lesen, um genaue Informationen \u00fcber den Lieferumfang zu erhalten und sich auf ein k\u00f6stliches kulinarisches Erlebnis vorzubereiten.<\/p><\/li><li><h4>Wie bereite ich die Peking Ente zu Hause zu?<\/h4><p>Anleitungen zur Aufw\u00e4rmen der Men\u00fckomponenten findest du unter:<\/p> <p>https:\/\/peking-ente.com\/anleitungen-zur-peking-ente-zubereitung\/<\/p><\/li><li><h4>Kann ich die Peking Ente Kochbox zur\u00fcckschicken, wenn ich nicht zufrieden bin?<\/h4><p>Wir m\u00f6chten sicherstellen, dass Sie mit Ihrer Bestellung zufrieden sind. Wenn es ein Problem mit der Peking Ente Kochbox gibt, kontaktieren Sie bitte unseren Kundenservice. Je nach Situation k\u00f6nnen wir eine L\u00f6sung anbieten, einschlie\u00dflich Umtausch oder Erstattung.<\/p><\/li><li><h4> Was passiert, wenn die Peking Ente Kochbox w\u00e4hrend des Versands besch\u00e4digt oder nicht zufriedenstellend ist?<\/h4><p> Im Falle von Sch\u00e4den oder Unzufriedenheit mit der Peking Ente Kochbox bitten wir Sie, uns umgehend zu kontaktieren. Wir werden das Problem untersuchen und angemessene Ma\u00dfnahmen ergreifen, um sicherzustellen, dass Sie die gew\u00fcnschte Qualit\u00e4t und Zufriedenheit erhalten.<\/p><\/li><\/ul>\n<h3>Allgemeine Fragen zur Peking Ente<\/h3> <ul> <li><a href=\"https:\/\/chinayung.de\/die-peking-ente\/?tb-page=2\/#wie_werden_die_peking_ente_zubereitet\">Wie werden die Peking Ente zubereitet<\/a><\/li> <li><a href=\"https:\/\/chinayung.de\/die-peking-ente\/?tb-page=2\/#was_ist_der_unterschied_zwischen_ente_und_pekingente\">Was ist der Unterschied zwischen Ente und Peking Ente<\/a><\/li> <li><a href=\"https:\/\/chinayung.de\/die-peking-ente\/?tb-page=2\/#was_ist_das_besondere_an_peking_ente\">Was ist das Besondere an Peking Ente<\/a><\/li> <li><a href=\"https:\/\/chinayung.de\/die-peking-ente\/?tb-page=2\/#wie_schmeckt_peking_ente\">Wie schmeckt Peking Ente<\/a><\/li> <li><a href=\"https:\/\/chinayung.de\/die-peking-ente\/?tb-page=2\/#Wo_gibt_es_die_besten_peking_ente\">Wo gibt es die beste Peking Ente<\/a><\/li> <\/ul>\n<h3>Peking Ente <\/h3> alles, was Sie schon immer dar\u00fcber wissen wollten.","_links":{"self":[{"href":"https:\/\/peking-ente.com\/en\/wp-json\/wp\/v2\/pages\/28","targetHints":{"allow":["GET"]}}],"collection":[{"href":"https:\/\/peking-ente.com\/en\/wp-json\/wp\/v2\/pages"}],"about":[{"href":"https:\/\/peking-ente.com\/en\/wp-json\/wp\/v2\/types\/page"}],"author":[{"embeddable":true,"href":"https:\/\/peking-ente.com\/en\/wp-json\/wp\/v2\/users\/1"}],"replies":[{"embeddable":true,"href":"https:\/\/peking-ente.com\/en\/wp-json\/wp\/v2\/comments?post=28"}],"version-history":[{"count":5,"href":"https:\/\/peking-ente.com\/en\/wp-json\/wp\/v2\/pages\/28\/revisions"}],"predecessor-version":[{"id":823,"href":"https:\/\/peking-ente.com\/en\/wp-json\/wp\/v2\/pages\/28\/revisions\/823"}],"wp:attachment":[{"href":"https:\/\/peking-ente.com\/en\/wp-json\/wp\/v2\/media?parent=28"}],"curies":[{"name":"wp","href":"https:\/\/api.w.org\/{rel}","templated":true}]}}